{"id":3591,"date":"2022-05-11T13:48:20","date_gmt":"2022-05-11T11:48:20","guid":{"rendered":"https:\/\/www.victrixarmaments.com\/?page_id=3591"},"modified":"2026-04-02T14:49:12","modified_gmt":"2026-04-02T12:49:12","slug":"dealer","status":"publish","type":"page","link":"https:\/\/victrixarmaments.com\/en\/dealer\/","title":{"rendered":"Dealer"},"content":{"rendered":"\n<div style=\"height:30px\" aria-hidden=\"true\" class=\"wp-block-spacer\"><\/div>\n\n\n\n<div class=\"row\">\n <div class=\"col-md-12\">\n  <img decoding=\"async\" class=\"vx-v\" src=\"\/wp-content\/themes\/victrix\/img\/schede\/v.svg\"><h2 style=\"margin-bottom: 0;\"> \n  <strong>VICTRIX<br>DISTRIBUTOR<\/strong><\/h2>\n  <div class=\"vx-dea-line\"><\/div>\n <\/div>\n<\/div>\n\n\n\n<figure class=\"wp-block-table\"><table class=\"has-fixed-layout\"><tbody><tr><th><strong><strong><strong>AM \u2013 ASPAR ARMS LLC<\/strong><\/strong><\/strong><\/th><th><\/th><\/tr><tr><td><p>60\/1 Mamikonyants street<br>0051 Yerevan<br>Armenia<\/p><\/td><td><p>Phone: +374 102 988 89<br>Email: <a href=\"mailto:info@arms.am\">info@arms.am<\/a><br><a rel=\"noreferrer noopener\" href=\"http:\/\/www.arms.am\/\" target=\"_blank\">www.arms.am<\/a><\/p><\/td><\/tr><\/tbody><\/table><\/figure>\n\n\n\n<figure class=\"wp-block-table\"><table class=\"has-fixed-layout\"><tbody><tr><th><strong>AR \u2013 RODAMIENTOS SEVERINO SRL<\/strong><\/th><th><\/th><\/tr><tr><td><p>Cordoba 850 Piso 8, 2000 Rosario (Santa Fe)<br>Argentina<\/p><\/td><td><p>Phone: +54 911 595 893 0<br>Email: <a href=\"mailto:gallery@berettaargentina.com.ar\" data-type=\"mailto\" data-id=\"mailto:gallery@berettaargentina.com.ar\">gallery@berettaargentina.com.ar<\/a><br><\/p><\/td><\/tr><\/tbody><\/table><\/figure>\n\n\n\n<figure class=\"wp-block-table\"><table class=\"has-fixed-layout\"><tbody><tr><th><strong>AU &#8211; BERETTA AUSTRALIA PTY LTD<\/strong><\/th><th><\/th><\/tr><tr><td><p>P.O. Box 4258<br>Victoria<br>Australia<\/p><\/td><td><p>Phone: +61 397 995 100<br>Email: <a href=\"mailto:info@berettaaustralia.com.au\">info@berettaaustralia.com.au<\/a><br><a rel=\"noreferrer noopener\" href=\"https:\/\/www.berettaaustralia.com.au\" target=\"_blank\">www.berettaaustralia.com.au<\/a><\/p><\/td><\/tr><\/tbody><\/table><\/figure>\n\n\n\n<figure class=\"wp-block-table\"><table class=\"has-fixed-layout\"><tbody><tr><th><strong><strong>BE \/ LU &#8211; LIEGE ARMS SCRL<\/strong><\/strong><\/th><th><\/th><\/tr><tr><td><p>Rue du bellenay, 111<br>4040 Herstal<br>Belgium<\/p><\/td><td><p>Phone: +32 424 890 5<br>Email: <a href=\"mailto:liegearms@skynet.be\">liegearms@skynet.be<\/a><br><a href=\"https:\/\/www.liegearms.be\" target=\"_blank\" rel=\"noreferrer noopener\">www.liegearms.be<\/a><\/p><\/td><\/tr><\/tbody><\/table><\/figure>\n\n\n\n<figure class=\"wp-block-table\"><table class=\"has-fixed-layout\"><tbody><tr><th><strong>CA &#8211; GO BIG TACTICAL<\/strong><\/th><th><\/th><\/tr><tr><td><p>PO BOX 10121, RPO Hart<br>Prince George, British Columbia<br>V2K5Y1<\/p><\/td><td><p>Phone: +1 250-96-6990<br>Email: <a href=\"mailto:sales@gobigtactical.ca\">sales@gobigtactical.ca<\/a><br><a href=\"https:\/\/www.gobigtactical.ca\" target=\"_blank\" rel=\"noreferrer noopener\">www.gobigtactical.ca<\/a><\/p><\/td><\/tr><\/tbody><\/table><\/figure>\n\n\n\n<figure class=\"wp-block-table\"><table class=\"has-fixed-layout\"><tbody><tr><th><strong>CH &#8211; ALLGUNS.CH<\/strong><\/th><th><\/th><\/tr><tr><td><p>Route du Rawyl 38<br>3960 Sierre<br>Switzerland<\/p><\/td><td><p>Phone: +41 798 214 967<br>Email: <a href=\"mailto:info@allguns.ch\">info@allguns.ch<\/a><br><a rel=\"noreferrer noopener\" href=\"https:\/\/www.allguns.ch\" target=\"_blank\">www.allguns.ch<\/a><\/p><\/td><\/tr><\/tbody><\/table><\/figure>\n\n\n\n<figure class=\"wp-block-table\"><table class=\"has-fixed-layout\"><tbody><tr><th><strong>CL &#8211; IMPORTADORA ALMA SPA<\/strong><\/th><th><\/th><\/tr><tr><td><p>Avenida B. OHiggins 244, Local 6<br>Angol (Malleco) \u2013 La Araucan\u00eda<br><span style=\"font-family: inherit; font-size: inherit; font-weight: inherit; color: initial;\">Chile<\/span><\/p><\/td><td><p>Phone: +56 9 9089 2036<br>Email: <a style=\"font-family: inherit; font-size: inherit; font-weight: inherit;\" href=\"mailto:almaimportsltda@gmail.com\">almaimportsltda@gmail.com<\/a><\/p><\/td><\/tr><\/tbody><\/table><\/figure>\n\n\n\n<figure class=\"wp-block-table\"><table class=\"has-fixed-layout\"><tbody><tr><th><strong>CZ &#8211; TOP STRELY<\/strong><\/th><th><\/th><\/tr><tr><td><p>Slunecna, 345<br>75111 Radslavice<br>Czech Republic<\/p><\/td><td><p>Phone: +420 608 820 893<br>Email: <a href=\"mailto:topstrely@gmail.com\">topstrely@gmail.com<\/a><br><a rel=\"noreferrer noopener\" href=\"http:\/\/www.topstrely.cz\" target=\"_blank\">www.topstrely.cz<\/a><\/p><\/td><\/tr><\/tbody><\/table><\/figure>\n\n\n\n<figure class=\"wp-block-table\"><table class=\"has-fixed-layout\"><tbody><tr><th><strong>DE \/ AT \/ DK &#8211; REIMER JOHANNSEN GMBH<\/strong><\/th><th><\/th><\/tr><tr><td><p>Haart 49<br>24534 Neumunster<br>Germany<\/p><\/td><td><p>Phone: +49 432 121 250<br>Email: <a href=\"mailto:service@reimer-johannsen.de\">service@reimer-johannsen.de<\/a><br><a rel=\"noreferrer noopener\" href=\"https:\/\/www.reimer-johannsen.de\" target=\"_blank\">www.reimer-johannsen.de<\/a><br><a rel=\"noreferrer noopener\" href=\"https:\/\/www.johannsen-shop.de\" target=\"_blank\">www.johannsen-shop.de<\/a><\/p><\/td><\/tr><\/tbody><\/table><\/figure>\n\n\n\n<figure class=\"wp-block-table\"><table class=\"has-fixed-layout\"><tbody><tr><th><strong>ES &#8211; VISION TARGET, S.L.<\/strong><\/th><th><\/th><\/tr><tr><td><p>Duque de Lliria, 95 Lc. .3&nbsp;&nbsp;&nbsp;&nbsp;&nbsp;&nbsp;&nbsp;&nbsp;<br>46160 Lliria Valencia<br>Espana<\/p><\/td><td>Phone: +34 962 029 690<br>Email:&nbsp;<a rel=\"noreferrer noopener\" href=\"mailto:info@visiontarget.net\" target=\"_blank\">info@visiontarget.net<\/a><br><a rel=\"noreferrer noopener\" href=\"https:\/\/www.visiontarget.net\" data-type=\"URL\" data-id=\"https:\/\/www.visiontarget.net\" target=\"_blank\">www.visiontarget.net<\/a><\/td><\/tr><\/tbody><\/table><\/figure>\n\n\n\n<figure class=\"wp-block-table\"><table class=\"has-fixed-layout\"><tbody><tr><th><strong>FR &#8211; SIMAC<\/strong><\/th><th><\/th><\/tr><tr><td><p>BP 60026<br>86100 Chatellerault<br>France<\/p><\/td><td><p>Phone: +33 054 985 597 5<br>Email: <a href=\"mailto:simac@simac.fr\">simac@simac.fr<\/a><br><a rel=\"noreferrer noopener\" href=\"https:\/\/www.simac.fr\" target=\"_blank\">www.simac.fr<\/a><\/p><\/td><\/tr><\/tbody><\/table><\/figure>\n\n\n\n<figure class=\"wp-block-table\"><table class=\"has-fixed-layout\"><tbody><tr><th><strong>GR &#8211; E23 Dimitrios Kopelakis &amp; CO<\/strong><\/th><th><\/th><\/tr><tr><td>Triainis Street 14<br>Artemis 19016<br>Greece<\/td><td>Phone: +30 22943 06759<br>Email:&nbsp;<a href=\"mailto:info@kopelakis.org\">info@kopelakis.org<\/a><br><a href=\"https:\/\/www.kopelakis.gr\/en\/\" data-type=\"URL\" data-id=\"www.njuskalo.hr\/trgovina\/reeleone\" target=\"_blank\" rel=\"noreferrer noopener\">www.kopelakis.gr<\/a><\/td><\/tr><\/tbody><\/table><\/figure>\n\n\n\n<figure class=\"wp-block-table\"><table class=\"has-fixed-layout\"><tbody><tr><th><strong>HR &#8211; REBA d.o.o.<\/strong><\/th><th><\/th><\/tr><tr><td><p>Kralja Tomislava 20&nbsp;&nbsp;&nbsp;&nbsp;&nbsp;&nbsp;&nbsp;&nbsp;<br>Miljevci 33518<br>Croatia<\/p><\/td><td>Phone: +385 091 206 011 9<br>Email:&nbsp;<a href=\"mailto:reeleone@gmail.com\" data-type=\"mailto\" data-id=\"mailto:reeleone@gmail.com\" target=\"_blank\" rel=\"noreferrer noopener\">reeleone@gmail.com<\/a><br><a href=\"http:\/\/www.njuskalo.hr\/trgovina\/reeleone\" data-type=\"URL\" data-id=\"www.njuskalo.hr\/trgovina\/reeleone\" target=\"_blank\" rel=\"noreferrer noopener\">www.njuskalo.hr<\/a><\/td><\/tr><\/tbody><\/table><\/figure>\n\n\n\n<figure class=\"wp-block-table\"><table class=\"has-fixed-layout\"><tbody><tr><th><strong>HU &#8211; Solarcon Kft. \u2013 Kalappal Vad\u00e1szbolt<\/strong><\/th><th><\/th><\/tr><tr><td><p>8060 M\u00f3r, <br>Szent Istv\u00e1n t\u00e9r 7<br>Hungary<\/p><\/td><td>Phone: +36( 70) 415 1011<br>Email:&nbsp;<a rel=\"noreferrer noopener\" href=\"mailto:info@kalappal.hu\" target=\"_blank\">info@kalappal.hu<\/a><br><a href=\"https:\/\/kalappal.hu\/\" data-type=\"URL\" data-id=\"https:\/\/kalappal.hu\/\">www.kalappal.hu<\/a><\/td><\/tr><\/tbody><\/table><\/figure>\n\n\n\n<figure class=\"wp-block-table\"><table class=\"has-fixed-layout\"><tbody><tr><th><strong>IS &#8211; ISNES EHF. (ltd)<\/strong><\/th><th><\/th><\/tr><tr><td><p>Hamraborg, 5&nbsp;&nbsp;&nbsp;&nbsp;&nbsp;&nbsp;&nbsp;&nbsp;<br>200 Kopavogi, EE<br>Iceland<\/p><\/td><td>Phone: +354 544 879 0<br>Email:&nbsp;<a rel=\"noreferrer noopener\" href=\"mailto:isnes@isnes.is\" data-type=\"mailto\" data-id=\"mailto:isnes@isnes.is\" target=\"_blank\">isnes@isnes.is<\/a><br><a rel=\"noreferrer noopener\" href=\"https:\/\/www.isnes.is\" data-type=\"URL\" data-id=\"https:\/\/www.isnes.is\" target=\"_blank\">www.isnes.is<\/a><\/td><\/tr><\/tbody><\/table><\/figure>\n\n\n\n<figure class=\"wp-block-table\"><table class=\"has-fixed-layout\"><tbody><tr><th><strong>LT &#8211; UAB VOLFORA<\/strong><\/th><th><\/th><\/tr><tr><td>Gariunu g. 43A, <p>Vilnius,<br>Lithuania 02300 <span style=\"font-family: inherit; font-size: inherit; font-weight: inherit; color: initial;\"><\/span><\/p><\/td><td><p>Phone: +370 683 49811<br>Email:&nbsp;<a rel=\"noreferrer noopener\" href=\"mailto:dovydas@bajoras.lt\" target=\"_blank\">dovydas@bajoras.lt<\/a><br><a rel=\"noreferrer noopener\" href=\"https:\/\/www.quantumshot.com\" target=\"_blank\"><\/a><a href=\"http:\/\/www.ginklas.lt\">www.volfora.lt<\/a><a rel=\"noreferrer noopener\" href=\"https:\/\/www.ginklas.lt\/?fbclid=IwY2xjawGhlMJleHRuA2FlbQIxMAABHSNUK5bb9xN_vQcDejH9tZuY2szmC5ZFBLS15SD0lscybOEobX4d8eeE6w_aem_0FCeSXkOiemMsVLz4kBqvw\" target=\"_blank\">&nbsp;; www.ginklas.lt&nbsp;<\/a><\/p><\/td><\/tr><\/tbody><\/table><\/figure>\n\n\n\n<figure class=\"wp-block-table\"><table class=\"has-fixed-layout\"><tbody><tr><th><strong>MN &#8211; EDREN TRADE LLC<\/strong><\/th><th><\/th><\/tr><tr><td><p>Bayanzurkh district, 14-r khoroo<br>14-r khoroolol 38-2, 3th<br>00000, Ulaanbaatar<br>Mongolia<\/p><\/td><td><p>Phone: +976-80110292<br>Email: <a href=\"mailto:edrentrade1970@gmail.com\">edrentrade1970@gmail.com<\/a><\/p><\/td><\/tr><\/tbody><\/table><\/figure>\n\n\n\n<figure class=\"wp-block-table\"><table class=\"has-fixed-layout\"><tbody><tr><th><strong>MT &#8211; QUANTUM ENGINEERING SUPPLIES<\/strong><\/th><th><\/th><\/tr><tr><td><p>158-160, Palm Street<br>Paola PLA1412<br>Malta<\/p><\/td><td><p>Phone: +356 216 931 96<br>Email: <a href=\"mailto:sales@quantumshot.com\">sales@quantumshot.com<\/a><br><a rel=\"noreferrer noopener\" href=\"https:\/\/www.quantumshot.com\" target=\"_blank\">www.quantumshot.com<\/a><\/p><\/td><\/tr><\/tbody><\/table><\/figure>\n\n\n\n<figure class=\"wp-block-table\"><table class=\"has-fixed-layout\"><tbody><tr><th><strong>NL &#8211; KRALE WHOLESALE<\/strong><\/th><th><\/th><\/tr><tr><td><p>Achthoevenweg 36<br>7951 SK Staphorst<br>Netherlands<\/p><\/td><td><p>Phone: +31 522 465 535<br>Email:&nbsp;<a rel=\"noreferrer noopener\" href=\"mailto:info@krale-wholesale.com\" target=\"_blank\">info@krale-wholesale.com<\/a><br><a rel=\"noreferrer noopener\" href=\"https:\/\/www.quantumshot.com\" target=\"_blank\"><\/a><a rel=\"noreferrer noopener\" href=\"https:\/\/www.krale-wholesale.com\/\" target=\"_blank\">www.krale-wholesale.com<\/a><\/p><\/td><\/tr><\/tbody><\/table><\/figure>\n\n\n\n<figure class=\"wp-block-table\"><table class=\"has-fixed-layout\"><tbody><tr><th><strong>PL &#8211; UMO SP. Z.O.O.<\/strong><\/th><th><\/th><\/tr><tr><td><p>Sienkiewicza 61<br>05-220 Zielonka<br>Poland<\/p><\/td><td><p>Phone: +48 223 740 887<br>Email: <a href=\"mailto:sekretariat@umo.pl\">sekretariat@umo.pl<\/a><br><a rel=\"noreferrer noopener\" href=\"https:\/\/www.umo.pl\" target=\"_blank\">www.umo.pl<\/a><\/p><\/td><\/tr><\/tbody><\/table><\/figure>\n\n\n\n<figure class=\"wp-block-table\"><table class=\"has-fixed-layout\"><tbody><tr><th><strong>SI &#8211; MAVICO D.O.O.<\/strong><\/th><th><\/th><\/tr><tr><td><p>Koprska, 94<br>SI-1000 Ljubljana<br>Slovenia<\/p><\/td><td><p>Phone: +386 125 621 23<br>Email: <a href=\"mailto:mavico@siol.net\">mavico@siol.net<\/a><br><a rel=\"noreferrer noopener\" href=\"https:\/\/www.target.si\" target=\"_blank\">www.target.si<\/a><\/p><\/td><\/tr><\/tbody><\/table><\/figure>\n\n\n\n<figure class=\"wp-block-table\"><table class=\"has-fixed-layout\"><tbody><tr><th><strong>SE &#8211; ARMTAC GLOBAL AB<\/strong> C\/O <strong><strong>ARMS &amp; AMMO CENTER SWEDEN AB<\/strong><\/strong><\/th><th><\/th><\/tr><tr><td><p>Okomev\u00e4gen, 5<br>311 61, Ullared<br>Sweden<\/p><\/td><td><p>Phone: +46 725 499 498<br>Email: <a href=\"mailto:kontakt@ammocenter.se\">kontakt@ammocenter.se<\/a><br><a href=\"https:\/\/ammocenter.se\/\" data-type=\"URL\" data-id=\"https:\/\/ammocenter.se\/\" target=\"_blank\" rel=\"noreferrer noopener\">www.ammocenter.se<\/a><\/p><\/td><\/tr><\/tbody><\/table><\/figure>\n\n\n\n<figure class=\"wp-block-table\"><table class=\"has-fixed-layout\"><tbody><tr><th><strong>SK &#8211; BLACK AREA s. r. o.<\/strong><\/th><th><\/th><\/tr><tr><td><p>Heyrovsk\u00e9ho 4638\/7&nbsp;&nbsp;&nbsp;&nbsp;&nbsp;&nbsp;&nbsp;&nbsp;<br>84103 Bratislava<br>Slovakia<\/p><\/td><td>Phone: +421 910 527 007<br>Email:&nbsp;<a rel=\"noreferrer noopener\" href=\"mailto:info@visiontarget.net\" target=\"_blank\"><\/a><a href=\"mailto:obchod@blackarea.eu\" data-type=\"mailto\" data-id=\"mailto:obchod@blackarea.eu\">obchod@blackarea.eu<\/a><br><a href=\"https:\/\/www.blackarea.eu\" data-type=\"URL\" data-id=\"https:\/\/www.blackarea.eu\" target=\"_blank\" rel=\"noreferrer noopener\">www.blackarea.eu<\/a><\/td><\/tr><\/tbody><\/table><\/figure>\n\n\n\n<figure class=\"wp-block-table\"><table class=\"has-fixed-layout\"><tbody><tr><th><strong>USA &#8211; APF American Precision Firearms<\/strong><\/th><th><\/th><\/tr><tr><td><p>1169 E Flagler St<br>Miami, 33131, FL<\/p><\/td><td>Phone: +1 305 521 8228<br>Email:&nbsp;<a href=\"mailto:info@americanprecisionfirearms.com\">info@americanprecisionfirearms.com<\/a><br><a rel=\"noreferrer noopener\" href=\"https:\/\/www.blackarea.eu\" data-type=\"URL\" data-id=\"https:\/\/www.blackarea.eu\" target=\"_blank\">www.<\/a><a href=\"https:\/\/americanprecisionfirearms.com\/?srsltid=AfmBOoqxmKtffsQWMyf59ok-oEyxy-_nfhrbf0hHsg08yBoXzgTsgrba\">americanprecisionfirearms.com<\/a><\/td><\/tr><\/tbody><\/table><\/figure>\n\n\n\n<figure class=\"wp-block-table\"><table class=\"has-fixed-layout\"><tbody><tr><th><strong>UK &#8211; GRC DISTRIBUTION LIMITED<\/strong><\/th><th><\/th><\/tr><tr><td>54 St James Street,<br>Liverpool, L1\u00a0 OAB<br>United Kingdom<\/td><td>Phone: +44 7469 719134<br>Email:\u00a0<a href=\"mailto:info@grcdistribution.com\">info@grcdistribution.com<\/a><br><a href=\"mailto:john@grcdistribution.com\">john@grcdistribution.com<\/a><\/td><\/tr><\/tbody><\/table><\/figure>\n\n\n\n<figure class=\"wp-block-table\"><table class=\"has-fixed-layout\"><tbody><tr><th><strong>UY \u2013 COMPIX SA<\/strong><\/th><th><\/th><\/tr><tr><td>Sta. Teresa y Perez del Puerto local 2<br>Maldonado CP 20000<br>Uruguay<\/td><td>Phone: +598 926 398 82<br>Email:\u00a0<a href=\"mailto:contacto@beretta-uruguay.com\">contacto@beretta-uruguay.com<\/a><\/td><\/tr><\/tbody><\/table><\/figure>\n\n\n\n<figure class=\"wp-block-table\"><table class=\"has-fixed-layout\"><tbody><tr><th><strong>ZA &#8211; NORMARK AFRICA (PTY) LTD<\/strong><\/th><th><\/th><\/tr><tr><td><p>165 Gigantic Ave. Northlands<br>Business Park<br>Northriding 2188 Johannesburg<br>South Africa<\/p><\/td><td><p>Phone: +27 (0)11 794-6950<br>Email: <a href=\"mailto:info@normark.co.za\">info@normark.co.za<\/a><\/p><\/td><\/tr><\/tbody><\/table><\/figure>\n\n\n\n<div style=\"height:100px\" aria-hidden=\"true\" class=\"wp-block-spacer\"><\/div>\n","protected":false},"excerpt":{"rendered":"VICTRIXDISTRIBUTOR AM \u2013 ASPAR ARMS LLC 60\/1 Mamikonyants street0051 YerevanArmenia Phone: +374 102 988 89Email: info@arms.amwww.arms.am AR \u2013 RODAMIENTOS SEVERINO SRL Cordoba 850 Piso 8, 2000 Rosario (Santa Fe)Argentina Phone: +54 911 595 893 0Email: gallery@berettaargentina.com.ar AU &#8211; BERETTA AUSTRALIA PTY LTD P.O. Box 4258VictoriaAustralia Phone: +61 397 995 100Email: info@berettaaustralia.com.auwww.berettaaustralia.com.au BE \/ LU &#8211; [&hellip;]","protected":false},"author":1,"featured_media":0,"parent":0,"menu_order":0,"comment_status":"closed","ping_status":"closed","template":"603_dealer_en_new.php","meta":[],"acf":[],"_links":{"self":[{"href":"https:\/\/victrixarmaments.com\/en\/wp-json\/wp\/v2\/pages\/3591"}],"collection":[{"href":"https:\/\/victrixarmaments.com\/en\/wp-json\/wp\/v2\/pages"}],"about":[{"href":"https:\/\/victrixarmaments.com\/en\/wp-json\/wp\/v2\/types\/page"}],"author":[{"embeddable":true,"href":"https:\/\/victrixarmaments.com\/en\/wp-json\/wp\/v2\/users\/1"}],"replies":[{"embeddable":true,"href":"https:\/\/victrixarmaments.com\/en\/wp-json\/wp\/v2\/comments?post=3591"}],"version-history":[{"count":190,"href":"https:\/\/victrixarmaments.com\/en\/wp-json\/wp\/v2\/pages\/3591\/revisions"}],"predecessor-version":[{"id":24144,"href":"https:\/\/victrixarmaments.com\/en\/wp-json\/wp\/v2\/pages\/3591\/revisions\/24144"}],"wp:attachment":[{"href":"https:\/\/victrixarmaments.com\/en\/wp-json\/wp\/v2\/media?parent=3591"}],"curies":[{"name":"wp","href":"https:\/\/api.w.org\/{rel}","templated":true}]}}